{"id":7922,"date":"2025-05-04T17:39:55","date_gmt":"2025-05-04T17:39:52","guid":{"rendered":"https:\/\/knutvaage.com\/?page_id=7922"},"modified":"2025-05-06T14:55:11","modified_gmt":"2025-05-06T14:55:11","slug":"elementor-7922","status":"publish","type":"page","link":"https:\/\/knutvaage.com\/en\/verk\/elementor-7922\/","title":{"rendered":"LUFTSPEILING 2\u200b"},"content":{"rendered":"<div data-elementor-type=\"wp-page\" data-elementor-id=\"7922\" class=\"elementor elementor-7922\" data-elementor-post-type=\"page\">\n\t\t\t\t<div class=\"elementor-element elementor-element-bc1ee1c e-flex e-con-boxed parallax_section_no qode_elementor_container_no e-con e-parent\" data-id=\"bc1ee1c\" data-element_type=\"container\">\n\t\t\t\t\t<div class=\"e-con-inner\">\n\t\t\t\t<div class=\"elementor-element elementor-element-ac703b7 elementor-hidden-tablet elementor-hidden-mobile elementor-widget elementor-widget-global elementor-global-4474 elementor-widget-button\" data-id=\"ac703b7\" data-element_type=\"widget\" id=\"tilbake\" data-widget_type=\"button.default\">\n\t\t\t\t<div class=\"elementor-widget-container\">\n\t\t\t\t\t<div class=\"elementor-button-wrapper\">\n\t\t\t<a class=\"elementor-button elementor-button-link elementor-size-sm\" href=\"https:\/\/knutvaage.com\/en\/diskografi\/\">\n\t\t\t\t\t\t<span class=\"elementor-button-content-wrapper\">\n\t\t\t\t\t\t<span class=\"elementor-button-icon elementor-align-icon-left\">\n\t\t\t\t<i aria-hidden=\"true\" class=\"fas fa-long-arrow-alt-left\"><\/i>\t\t\t<\/span>\n\t\t\t\t\t\t\t\t\t<span class=\"elementor-button-text\">Back<\/span>\n\t\t\t\t\t<\/span>\n\t\t\t\t\t<\/a>\n\t\t<\/div>\n\t\t\t\t<\/div>\n\t\t\t\t<\/div>\n\t\t\t\t\t<\/div>\n\t\t\t\t<\/div>\n\t\t<div class=\"elementor-element elementor-element-a25f151 e-flex e-con-boxed parallax_section_no qode_elementor_container_no e-con e-parent\" data-id=\"a25f151\" data-element_type=\"container\">\n\t\t\t\t\t<div class=\"e-con-inner\">\n\t\t\t\t<div class=\"elementor-element elementor-element-5d32495 elementor-widget elementor-widget-heading\" data-id=\"5d32495\" data-element_type=\"widget\" data-widget_type=\"heading.default\">\n\t\t\t\t<div class=\"elementor-widget-container\">\n\t\t\t<style>\/*! elementor - v3.21.0 - 20-05-2024 *\/\n.elementor-heading-title{padding:0;margin:0;line-height:1}.elementor-widget-heading .elementor-heading-title[class*=elementor-size-]>a{color:inherit;font-size:inherit;line-height:inherit}.elementor-widget-heading .elementor-heading-title.elementor-size-small{font-size:15px}.elementor-widget-heading .elementor-heading-title.elementor-size-medium{font-size:19px}.elementor-widget-heading .elementor-heading-title.elementor-size-large{font-size:29px}.elementor-widget-heading .elementor-heading-title.elementor-size-xl{font-size:39px}.elementor-widget-heading .elementor-heading-title.elementor-size-xxl{font-size:59px}<\/style><h1 class=\"elementor-heading-title elementor-size-default\">luftspeing 2<\/h1>\t\t<\/div>\n\t\t\t\t<\/div>\n\t\t<div class=\"elementor-element elementor-element-d9d81a3 e-flex e-con-boxed parallax_section_no qode_elementor_container_no e-con e-child\" data-id=\"d9d81a3\" data-element_type=\"container\">\n\t\t\t\t\t<div class=\"e-con-inner\">\n\t\t\t\t<div class=\"elementor-element elementor-element-b5aa340 elementor-widget elementor-widget-heading\" data-id=\"b5aa340\" data-element_type=\"widget\" data-widget_type=\"heading.default\">\n\t\t\t\t<div class=\"elementor-widget-container\">\n\t\t\t<h2 class=\"elementor-heading-title elementor-size-default\">Urfremf\u00f8ring av Forde Anthony Ringdal og Sj\u00f8forsvarets musikkorps<\/h2>\t\t<\/div>\n\t\t\t\t<\/div>\n\t\t\t\t\t<\/div>\n\t\t\t\t<\/div>\n\t\t\t\t\t<\/div>\n\t\t\t\t<\/div>\n\t\t<div class=\"elementor-element elementor-element-468208d e-flex e-con-boxed parallax_section_no qode_elementor_container_no e-con e-parent\" data-id=\"468208d\" data-element_type=\"container\">\n\t\t\t\t\t<div class=\"e-con-inner\">\n\t\t\t\t<div class=\"elementor-element elementor-element-b2b2f46 elementor-widget elementor-widget-video\" data-id=\"b2b2f46\" data-element_type=\"widget\" data-settings=\"{&quot;youtube_url&quot;:&quot;https:\\\/\\\/youtu.be\\\/ONFwJH9q7cs?si=pRM2vXHrHdp1fTlO&quot;,&quot;video_type&quot;:&quot;youtube&quot;,&quot;controls&quot;:&quot;yes&quot;}\" data-widget_type=\"video.default\">\n\t\t\t\t<div class=\"elementor-widget-container\">\n\t\t\t<style>\/*! elementor - v3.21.0 - 20-05-2024 *\/\n.elementor-widget-video .elementor-widget-container{overflow:hidden;transform:translateZ(0)}.elementor-widget-video .elementor-wrapper{aspect-ratio:var(--video-aspect-ratio)}.elementor-widget-video .elementor-wrapper iframe,.elementor-widget-video .elementor-wrapper video{height:100%;width:100%;display:flex;border:none;background-color:#000}@supports not (aspect-ratio:1\/1){.elementor-widget-video .elementor-wrapper{position:relative;overflow:hidden;height:0;padding-bottom:calc(100% \/ var(--video-aspect-ratio))}.elementor-widget-video .elementor-wrapper iframe,.elementor-widget-video .elementor-wrapper video{position:absolute;top:0;right:0;bottom:0;left:0}}.elementor-widget-video .elementor-open-inline .elementor-custom-embed-image-overlay{position:absolute;top:0;right:0;bottom:0;left:0;background-size:cover;background-position:50%}.elementor-widget-video .elementor-custom-embed-image-overlay{cursor:pointer;text-align:center}.elementor-widget-video .elementor-custom-embed-image-overlay:hover .elementor-custom-embed-play i{opacity:1}.elementor-widget-video .elementor-custom-embed-image-overlay img{display:block;width:100%;aspect-ratio:var(--video-aspect-ratio);-o-object-fit:cover;object-fit:cover;-o-object-position:center center;object-position:center center}@supports not (aspect-ratio:1\/1){.elementor-widget-video .elementor-custom-embed-image-overlay{position:relative;overflow:hidden;height:0;padding-bottom:calc(100% \/ var(--video-aspect-ratio))}.elementor-widget-video .elementor-custom-embed-image-overlay img{position:absolute;top:0;right:0;bottom:0;left:0}}.elementor-widget-video .e-hosted-video .elementor-video{-o-object-fit:cover;object-fit:cover}.e-con-inner>.elementor-widget-video,.e-con>.elementor-widget-video{width:var(--container-widget-width);--flex-grow:var(--container-widget-flex-grow)}<\/style>\t\t<div class=\"elementor-wrapper elementor-open-inline\">\n\t\t\t<div class=\"elementor-video\"><\/div>\t\t<\/div>\n\t\t\t\t<\/div>\n\t\t\t\t<\/div>\n\t\t\t\t\t<\/div>\n\t\t\t\t<\/div>\n\t\t<div class=\"elementor-element elementor-element-33100b6 e-grid e-con-boxed parallax_section_no qode_elementor_container_no e-con e-parent\" data-id=\"33100b6\" data-element_type=\"container\">\n\t\t\t\t\t<div class=\"e-con-inner\">\n\t\t<div class=\"elementor-element elementor-element-334c3bd e-grid e-con-boxed parallax_section_no qode_elementor_container_no e-con e-child\" data-id=\"334c3bd\" data-element_type=\"container\">\n\t\t\t\t\t<div class=\"e-con-inner\">\n\t\t\t\t<div class=\"elementor-element elementor-element-faec0ef elementor-widget elementor-widget-heading\" data-id=\"faec0ef\" data-element_type=\"widget\" data-widget_type=\"heading.default\">\n\t\t\t\t<div class=\"elementor-widget-container\">\n\t\t\t<h2 class=\"elementor-heading-title elementor-size-default\">CREW<\/h2>\t\t<\/div>\n\t\t\t\t<\/div>\n\t\t\t\t<div class=\"elementor-element elementor-element-b973779 elementor-widget elementor-widget-text-editor\" data-id=\"b973779\" data-element_type=\"widget\" data-widget_type=\"text-editor.default\">\n\t\t\t\t<div class=\"elementor-widget-container\">\n\t\t\t<style>\/*! elementor - v3.21.0 - 20-05-2024 *\/\n.elementor-widget-text-editor.elementor-drop-cap-view-stacked .elementor-drop-cap{background-color:#69727d;color:#fff}.elementor-widget-text-editor.elementor-drop-cap-view-framed .elementor-drop-cap{color:#69727d;border:3px solid;background-color:transparent}.elementor-widget-text-editor:not(.elementor-drop-cap-view-default) .elementor-drop-cap{margin-top:8px}.elementor-widget-text-editor:not(.elementor-drop-cap-view-default) .elementor-drop-cap-letter{width:1em;height:1em}.elementor-widget-text-editor .elementor-drop-cap{float:left;text-align:center;line-height:1;font-size:50px}.elementor-widget-text-editor .elementor-drop-cap-letter{display:inline-block}<\/style>\t\t\t\t<p>For bl\u00e5se-ensemble (Bsn-solo, 2Fl(1), 1Ob(1), 1Eb Cl, 4Bb Cl, 1Bs.Cl, 3Sax, 1Bsn, 3Trpt, 3Hns, 3Tbns, 1Eu, 1Tu, 1Timp, 2Perc)<\/p>\t\t\t\t\t\t<\/div>\n\t\t\t\t<\/div>\n\t\t\t\t\t<\/div>\n\t\t\t\t<\/div>\n\t\t<div class=\"elementor-element elementor-element-3d7a143 e-grid e-con-boxed parallax_section_no qode_elementor_container_no e-con e-child\" data-id=\"3d7a143\" data-element_type=\"container\">\n\t\t\t\t\t<div class=\"e-con-inner\">\n\t\t\t\t<div class=\"elementor-element elementor-element-7fb0370 elementor-widget elementor-widget-heading\" data-id=\"7fb0370\" data-element_type=\"widget\" data-widget_type=\"heading.default\">\n\t\t\t\t<div class=\"elementor-widget-container\">\n\t\t\t<h2 class=\"elementor-heading-title elementor-size-default\">Duration<\/h2>\t\t<\/div>\n\t\t\t\t<\/div>\n\t\t\t\t<div class=\"elementor-element elementor-element-28e2df9 elementor-widget elementor-widget-text-editor\" data-id=\"28e2df9\" data-element_type=\"widget\" data-widget_type=\"text-editor.default\">\n\t\t\t\t<div class=\"elementor-widget-container\">\n\t\t\t\t\t\t\t<p>14 minutes<\/p>\t\t\t\t\t\t<\/div>\n\t\t\t\t<\/div>\n\t\t\t\t\t<\/div>\n\t\t\t\t<\/div>\n\t\t<div class=\"elementor-element elementor-element-7a41a25 e-grid e-con-boxed parallax_section_no qode_elementor_container_no e-con e-child\" data-id=\"7a41a25\" data-element_type=\"container\">\n\t\t\t\t\t<div class=\"e-con-inner\">\n\t\t\t\t<div class=\"elementor-element elementor-element-090d9ff elementor-widget elementor-widget-heading\" data-id=\"090d9ff\" data-element_type=\"widget\" data-widget_type=\"heading.default\">\n\t\t\t\t<div class=\"elementor-widget-container\">\n\t\t\t<h2 class=\"elementor-heading-title elementor-size-default\">First performance\n\/Commissioned by<\/h2>\t\t<\/div>\n\t\t\t\t<\/div>\n\t\t\t\t<div class=\"elementor-element elementor-element-6b0554d elementor-widget elementor-widget-text-editor\" data-id=\"6b0554d\" data-element_type=\"widget\" data-widget_type=\"text-editor.default\">\n\t\t\t\t<div class=\"elementor-widget-container\">\n\t\t\t\t\t\t\t<p>Premiere i Bergen, 2024 med Frode Anthony Ringdal og Sj\u00f8forsvarets musikkorps<br \/>Bestilt av DOR.<\/p>\t\t\t\t\t\t<\/div>\n\t\t\t\t<\/div>\n\t\t\t\t\t<\/div>\n\t\t\t\t<\/div>\n\t\t\t\t\t<\/div>\n\t\t\t\t<\/div>\n\t\t<div class=\"elementor-element elementor-element-6ab39e8 e-flex e-con-boxed parallax_section_no qode_elementor_container_no e-con e-parent\" data-id=\"6ab39e8\" data-element_type=\"container\">\n\t\t\t\t\t<div class=\"e-con-inner\">\n\t\t\t\t<div class=\"elementor-element elementor-element-3f1798e elementor-widget elementor-widget-html\" data-id=\"3f1798e\" data-element_type=\"widget\" data-widget_type=\"html.default\">\n\t\t\t\t<div class=\"elementor-widget-container\">\n\t\t\t<script type=\"text\/javascript\">\njQuery(document).ready(function() {\n jQuery('#tilbake').on('click', function() {\n window.history.go(-1);\n return false;\n });\n});\n<\/script>\t\t<\/div>\n\t\t\t\t<\/div>\n\t\t\t\t\t<\/div>\n\t\t\t\t<\/div>\n\t\t\t\t<\/div>","protected":false},"excerpt":{"rendered":"<p>Tilbake luftspeing 2 Urfremf\u00f8ring av Forde Anthony Ringdal og Sj\u00f8forsvarets musikkorps BESETNING For bl\u00e5se-ensemble (Bsn-solo, 2Fl(1), 1Ob(1), 1Eb Cl, 4Bb Cl, 1Bs.Cl, 3Sax, 1Bsn, 3Trpt, 3Hns, 3Tbns, 1Eu, 1Tu, 1Timp, 2Perc) Varighet 14 minutter Premiere\/ Bestilt av Premiere i Bergen, 2024 med Frode Anthony Ringdal&#8230;<\/p>","protected":false},"author":1,"featured_media":0,"parent":187,"menu_order":6,"comment_status":"closed","ping_status":"closed","template":"","meta":{"footnotes":""},"class_list":["post-7922","page","type-page","status-publish","hentry"],"_links":{"self":[{"href":"https:\/\/knutvaage.com\/en\/wp-json\/wp\/v2\/pages\/7922","targetHints":{"allow":["GET"]}}],"collection":[{"href":"https:\/\/knutvaage.com\/en\/wp-json\/wp\/v2\/pages"}],"about":[{"href":"https:\/\/knutvaage.com\/en\/wp-json\/wp\/v2\/types\/page"}],"author":[{"embeddable":true,"href":"https:\/\/knutvaage.com\/en\/wp-json\/wp\/v2\/users\/1"}],"replies":[{"embeddable":true,"href":"https:\/\/knutvaage.com\/en\/wp-json\/wp\/v2\/comments?post=7922"}],"version-history":[{"count":28,"href":"https:\/\/knutvaage.com\/en\/wp-json\/wp\/v2\/pages\/7922\/revisions"}],"predecessor-version":[{"id":7997,"href":"https:\/\/knutvaage.com\/en\/wp-json\/wp\/v2\/pages\/7922\/revisions\/7997"}],"up":[{"embeddable":true,"href":"https:\/\/knutvaage.com\/en\/wp-json\/wp\/v2\/pages\/187"}],"wp:attachment":[{"href":"https:\/\/knutvaage.com\/en\/wp-json\/wp\/v2\/media?parent=7922"}],"curies":[{"name":"wp","href":"https:\/\/api.w.org\/{rel}","templated":true}]}}