{"id":5156,"date":"2023-11-24T12:36:49","date_gmt":"2023-11-24T12:36:49","guid":{"rendered":"http:\/\/143.110.160.238\/?page_id=5156"},"modified":"2023-11-30T16:19:38","modified_gmt":"2023-11-30T16:19:38","slug":"continue","status":"publish","type":"page","link":"https:\/\/knutvaage.com\/en\/verk\/continue\/","title":{"rendered":"Continue"},"content":{"rendered":"<div data-elementor-type=\"wp-page\" data-elementor-id=\"5156\" class=\"elementor elementor-5156\" data-elementor-post-type=\"page\">\n\t\t\t\t<div class=\"elementor-element elementor-element-36a613f2 e-flex e-con-boxed parallax_section_no qode_elementor_container_no e-con e-parent\" data-id=\"36a613f2\" data-element_type=\"container\">\n\t\t\t\t\t<div class=\"e-con-inner\">\n\t\t\t\t<div class=\"elementor-element elementor-element-568c4a05 elementor-widget elementor-widget-heading\" data-id=\"568c4a05\" data-element_type=\"widget\" data-widget_type=\"heading.default\">\n\t\t\t\t<div class=\"elementor-widget-container\">\n\t\t\t<style>\/*! elementor - v3.21.0 - 20-05-2024 *\/\n.elementor-heading-title{padding:0;margin:0;line-height:1}.elementor-widget-heading .elementor-heading-title[class*=elementor-size-]>a{color:inherit;font-size:inherit;line-height:inherit}.elementor-widget-heading .elementor-heading-title.elementor-size-small{font-size:15px}.elementor-widget-heading .elementor-heading-title.elementor-size-medium{font-size:19px}.elementor-widget-heading .elementor-heading-title.elementor-size-large{font-size:29px}.elementor-widget-heading .elementor-heading-title.elementor-size-xl{font-size:39px}.elementor-widget-heading .elementor-heading-title.elementor-size-xxl{font-size:59px}<\/style><h1 class=\"elementor-heading-title elementor-size-default\">Continue<\/h1>\t\t<\/div>\n\t\t\t\t<\/div>\n\t\t<div class=\"elementor-element elementor-element-28859d6c e-flex e-con-boxed parallax_section_no qode_elementor_container_no e-con e-child\" data-id=\"28859d6c\" data-element_type=\"container\">\n\t\t\t\t\t<div class=\"e-con-inner\">\n\t\t\t\t<div class=\"elementor-element elementor-element-5b6e9d52 elementor-widget elementor-widget-heading\" data-id=\"5b6e9d52\" data-element_type=\"widget\" data-widget_type=\"heading.default\">\n\t\t\t\t<div class=\"elementor-widget-container\">\n\t\t\t<h2 class=\"elementor-heading-title elementor-size-default\">For orchestra<\/h2>\t\t<\/div>\n\t\t\t\t<\/div>\n\t\t\t\t\t<\/div>\n\t\t\t\t<\/div>\n\t\t\t\t\t<\/div>\n\t\t\t\t<\/div>\n\t\t<div class=\"elementor-element elementor-element-71d690c e-flex e-con-boxed parallax_section_no qode_elementor_container_no e-con e-parent\" data-id=\"71d690c\" data-element_type=\"container\">\n\t\t\t\t\t<div class=\"e-con-inner\">\n\t\t<div class=\"elementor-element elementor-element-a45690f e-flex e-con-boxed parallax_section_no qode_elementor_container_no e-con e-child\" data-id=\"a45690f\" data-element_type=\"container\">\n\t\t\t\t\t<div class=\"e-con-inner\">\n\t\t\t\t<div class=\"elementor-element elementor-element-bbb4d75 elementor-widget elementor-widget-music-player\" data-id=\"bbb4d75\" data-element_type=\"widget\" data-widget_type=\"music-player.default\">\n\t\t\t\t<div class=\"elementor-widget-container\">\n\t\t\t<article id=\"arbitrary-instance-69e044dc6b822\" class=\"iron_widget_radio\"><div class=\"iron-audioplayer  sr_waveform_ playlist_has_no_ctas\" id=\"arbitrary-instance-69e044dc6b822-d164246c46\" data-id=\"arbitrary-instance-69e044dc6b822\" data-lazyload=\"\" data-albums=\"5156\" data-category=\"\"data-url-playlist=\"https:\/\/knutvaage.com\/en\/?load=playlist.json&#038;title=&#038;albums=5156&#038;category=&#038;posts_not_in=&#038;category_not_in=&#038;feed_title=&#038;feed=1&#038;feed_img=&#038;el_widget_id=bbb4d75&#038;artwork=&#038;posts_per_pages=-1&#038;all_category=&#038;single_playlist=&#038;reverse_tracklist=&#038;audio_meta_field=&#038;repeater_meta_field=&#038;import_file=&#038;rss_items=-1&#038;rss_item_title=&#038;is_favorite=&#038;srp_order=date_DESC\" data-sticky-player=\"\" data-shuffle=\"\" data-playlist_title=\"\" data-scrollbar=\"\" data-wave-color=\"\" data-wave-progress-color=\"\" data-spectro=\"\" data-no-wave=\"\" data-hide-progressbar=\"\" data-progress-bar-style=\"\"data-feedurl=\"1\" data-notrackskip=\"\" data-no-loop-tracklist=\"\" data-playertemplate =\"skin_float_tracklist\" data-hide-artwork =\"\" data-speedrate=\"1\"  data-tracks-per-page=\"\" data-pagination_scroll_offset=\"\" data-adaptive-colors=\"\" data-adaptive-colors-freeze=\"\" style=\"opacity:0;\"><div class=\"sonaar-grid\" ><div class=\"sonaar-Artwort-box\">\n                <div class=\"control\">\n                    \n                <\/div>\n                <div class=\"album\">\n                    <div class=\"album-art\">\n                        <img alt=\"album-art\">\n                    <\/div>\n                <\/div>\n                <\/div><div class=\"playlist\" id=\"playlist_arbitrary-instance-69e044dc6b822\"><h3 class=\"sr_it-playlist-title\"><\/h3><div class=\"srp_subtitle\"><\/div><div class=\"srp_tracklist\"><ul class=\"srp_list\"><li \n            class=\"sr-playlist-item sr-playlist-item-flex\" \n            data-audiopath=\"http:\/\/143.110.160.238\/wp-content\/uploads\/musikk-new\/Continue.mp3\"\n            data-showloading=\"1\"\n            data-albumtitle=\"\"\n            data-albumart=\"\"\n            data-releasedate=\"\"\n            data-date=\"\"\n            data-show-date=\"\"\n            data-tracktitle=\"Continue\"\n            data-trackid=\"\"\n            data-tracktime=\"15:13\"\n            data-relatedtrack=\"\"\n            data-post-url=\"\"\n            data-post-id=\"\"\n            data-track-pos=\"0\"\n            data-track-lyric=\"\"><span class=\"store-list\"><\/span><\/li><\/ul><\/div><\/div><\/div><div class=\"album-player\"><div class=\"album-title\"><\/div><div class=\"track-title\"><\/div> <div class=\"player\" ><div class=\"sr_progressbar\">\n                \n            <div class=\"currentTime\"><\/div>\n         \n                <div id=\"arbitrary-instance-69e044dc6b822-82b9e06106-wave\" class=\"wave\" >\n                \n            <div class=\"sonaar_fake_wave\" >\n                <audio src=\"\" class=\"sonaar_media_element\"><\/audio>\n                <div class=\"sonaar_wave_base\">\n                    <canvas id=\"arbitrary-instance-69e044dc6b822-container\" class=\"\" height=\"70\" width=\"2540\"><\/canvas>\n                    <svg><\/svg>\n                <\/div>\n                <div class=\"sonaar_wave_cut\">\n                    <canvas id=\"arbitrary-instance-69e044dc6b822-progress\" class=\"\" height=\"70\" width=\"2540\"><\/canvas>\n                    <svg><\/svg>\n                <\/div>\n            <\/div> \n                <\/div>\n                \n            <div class=\"totalTime\"><\/div>\n         \n             <\/div><div class=\"srp_main_control srp_oneColumn\"><div class=\"control\"><div class=\"play\" style=\"opacity:0;\" aria-label=\"Play\">\n                <i class=\"sricon-play\"><\/i>\n            <\/div><\/div><div class=\"control\"><\/div><\/div><\/div><\/div><div class=\"album-store\"><\/div><\/div><script id=\"srp_js_params_69e044dc6b822\">\n        var srp_player_params_69e044dc6b822 = {\"title\":\"\",\"store_title_text\":\"\",\"albums\":\"5156\",\"hide_artwork\":\"false\",\"sticky_player\":\"\",\"show_album_market\":\"true\",\"show_track_market\":\"true\",\"hide_timeline\":\"false\",\"elementor\":\"true\",\"tracks_per_page\":\"\",\"titletag_soundwave\":\"div\",\"track_titletag_soundwave\":\"div\",\"titletag_playlist\":\"h3\",\"show_control_on_hover\":\"false\",\"show_playlist\":\"false\",\"reverse_tracklist\":\"\",\"wave_color\":\"\",\"wave_progress_color\":\"\",\"spectro\":\"\",\"shuffle\":\"\",\"searchbar\":\"\",\"searchbar_placeholder\":\"\",\"player_layout\":\"skin_float_tracklist\",\"feed\":\"1\",\"el_widget_id\":\"bbb4d75\",\"artwork\":\"\",\"use_play_label_with_icon\":\"false\",\"orderby\":\"date\",\"order\":\"DESC\",\"main_settings\":\"||\"} \n        var srp_player_params_args_69e044dc6b822 = {\"before_widget\":\"<article id=\\\"arbitrary-instance-69e044dc6b822\\\" class=\\\"iron_widget_radio\\\">\",\"after_widget\":\"<\\\/article>\",\"before_title\":\"<span class='heading-t3'><\\\/span><h3 class=\\\"widgettitle\\\">\",\"after_title\":\"<\\\/h3>\",\"widget_id\":\"arbitrary-instance-69e044dc6b822\"}  \n        <\/script><script>if(typeof setIronAudioplayers !== \"undefined\"){ setIronAudioplayers(\"arbitrary-instance-69e044dc6b822\"); }<\/script><\/article>\t\t<\/div>\n\t\t\t\t<\/div>\n\t\t\t\t\t<\/div>\n\t\t\t\t<\/div>\n\t\t\t\t\t<\/div>\n\t\t\t\t<\/div>\n\t\t<div class=\"elementor-element elementor-element-1c0e03f e-grid e-con-boxed parallax_section_no qode_elementor_container_no e-con e-parent\" data-id=\"1c0e03f\" data-element_type=\"container\">\n\t\t\t\t\t<div class=\"e-con-inner\">\n\t\t<div class=\"elementor-element elementor-element-11c1014 e-flex e-con-boxed parallax_section_no qode_elementor_container_no e-con e-child\" data-id=\"11c1014\" data-element_type=\"container\">\n\t\t\t\t\t<div class=\"e-con-inner\">\n\t\t\t\t<div class=\"elementor-element elementor-element-57b90b81 elementor-widget elementor-widget-heading\" data-id=\"57b90b81\" data-element_type=\"widget\" data-widget_type=\"heading.default\">\n\t\t\t\t<div class=\"elementor-widget-container\">\n\t\t\t<h2 class=\"elementor-heading-title elementor-size-default\">Orchestration<\/h2>\t\t<\/div>\n\t\t\t\t<\/div>\n\t\t\t\t<div class=\"elementor-element elementor-element-4ce5863e elementor-widget elementor-widget-text-editor\" data-id=\"4ce5863e\" data-element_type=\"widget\" data-widget_type=\"text-editor.default\">\n\t\t\t\t<div class=\"elementor-widget-container\">\n\t\t\t<style>\/*! elementor - v3.21.0 - 20-05-2024 *\/\n.elementor-widget-text-editor.elementor-drop-cap-view-stacked .elementor-drop-cap{background-color:#69727d;color:#fff}.elementor-widget-text-editor.elementor-drop-cap-view-framed .elementor-drop-cap{color:#69727d;border:3px solid;background-color:transparent}.elementor-widget-text-editor:not(.elementor-drop-cap-view-default) .elementor-drop-cap{margin-top:8px}.elementor-widget-text-editor:not(.elementor-drop-cap-view-default) .elementor-drop-cap-letter{width:1em;height:1em}.elementor-widget-text-editor .elementor-drop-cap{float:left;text-align:center;line-height:1;font-size:50px}.elementor-widget-text-editor .elementor-drop-cap-letter{display:inline-block}<\/style>\t\t\t\t<p>3(1)-3(1)-3(1)-3(1) 4-3-3-1 timp perc:2 pf hp str<\/p>\t\t\t\t\t\t<\/div>\n\t\t\t\t<\/div>\n\t\t\t\t\t<\/div>\n\t\t\t\t<\/div>\n\t\t<div class=\"elementor-element elementor-element-2d68468 e-flex e-con-boxed parallax_section_no qode_elementor_container_no e-con e-child\" data-id=\"2d68468\" data-element_type=\"container\">\n\t\t\t\t\t<div class=\"e-con-inner\">\n\t\t\t\t<div class=\"elementor-element elementor-element-539ebba9 elementor-widget elementor-widget-heading\" data-id=\"539ebba9\" data-element_type=\"widget\" data-widget_type=\"heading.default\">\n\t\t\t\t<div class=\"elementor-widget-container\">\n\t\t\t<h2 class=\"elementor-heading-title elementor-size-default\">Duration<\/h2>\t\t<\/div>\n\t\t\t\t<\/div>\n\t\t\t\t<div class=\"elementor-element elementor-element-4b7e2692 elementor-widget elementor-widget-text-editor\" data-id=\"4b7e2692\" data-element_type=\"widget\" data-widget_type=\"text-editor.default\">\n\t\t\t\t<div class=\"elementor-widget-container\">\n\t\t\t\t\t\t\t<p>16 minutes<\/p>\t\t\t\t\t\t<\/div>\n\t\t\t\t<\/div>\n\t\t\t\t\t<\/div>\n\t\t\t\t<\/div>\n\t\t<div class=\"elementor-element elementor-element-7929b11 e-flex e-con-boxed parallax_section_no qode_elementor_container_no e-con e-child\" data-id=\"7929b11\" data-element_type=\"container\">\n\t\t\t\t\t<div class=\"e-con-inner\">\n\t\t\t\t<div class=\"elementor-element elementor-element-447bf72b elementor-widget elementor-widget-heading\" data-id=\"447bf72b\" data-element_type=\"widget\" data-widget_type=\"heading.default\">\n\t\t\t\t<div class=\"elementor-widget-container\">\n\t\t\t<h2 class=\"elementor-heading-title elementor-size-default\">First performance\n\/Commissioned by<\/h2>\t\t<\/div>\n\t\t\t\t<\/div>\n\t\t\t\t<div class=\"elementor-element elementor-element-7d832dea elementor-widget elementor-widget-text-editor\" data-id=\"7d832dea\" data-element_type=\"widget\" data-widget_type=\"text-editor.default\">\n\t\t\t\t<div class=\"elementor-widget-container\">\n\t\t\t\t\t\t\t<p>First performance in Stavanger, 1994<br \/>Commissioned by the Stavanger Symphony Orchestra<\/p>\t\t\t\t\t\t<\/div>\n\t\t\t\t<\/div>\n\t\t\t\t\t<\/div>\n\t\t\t\t<\/div>\n\t\t\t\t\t<\/div>\n\t\t\t\t<\/div>\n\t\t<div class=\"elementor-element elementor-element-2b3dc122 e-flex e-con-boxed parallax_section_no qode_elementor_container_no e-con e-parent\" data-id=\"2b3dc122\" data-element_type=\"container\" data-settings=\"{&quot;background_background&quot;:&quot;classic&quot;}\">\n\t\t\t\t\t<div class=\"e-con-inner\">\n\t\t<div class=\"elementor-element elementor-element-55b72604 e-con-full e-flex parallax_section_no qode_elementor_container_no e-con e-child\" data-id=\"55b72604\" data-element_type=\"container\">\n\t\t<div class=\"elementor-element elementor-element-23af842a e-flex e-con-boxed parallax_section_no qode_elementor_container_no e-con e-child\" data-id=\"23af842a\" data-element_type=\"container\">\n\t\t\t\t\t<div class=\"e-con-inner\">\n\t\t<div class=\"elementor-element elementor-element-793515ae e-flex e-con-boxed parallax_section_no qode_elementor_container_no e-con e-child\" data-id=\"793515ae\" data-element_type=\"container\">\n\t\t\t\t\t<div class=\"e-con-inner\">\n\t\t\t\t<div class=\"elementor-element elementor-element-53b450ee elementor-widget elementor-widget-heading\" data-id=\"53b450ee\" data-element_type=\"widget\" data-widget_type=\"heading.default\">\n\t\t\t\t<div class=\"elementor-widget-container\">\n\t\t\t<h1 class=\"elementor-heading-title elementor-size-default\">Buy score<\/h1>\t\t<\/div>\n\t\t\t\t<\/div>\n\t\t\t\t\t<\/div>\n\t\t\t\t<\/div>\n\t\t\t\t<div class=\"elementor-element elementor-element-5a873048 elementor-widget-divider--view-line elementor-widget elementor-widget-divider\" data-id=\"5a873048\" data-element_type=\"widget\" data-widget_type=\"divider.default\">\n\t\t\t\t<div class=\"elementor-widget-container\">\n\t\t\t<style>\/*! elementor - v3.21.0 - 20-05-2024 *\/\n.elementor-widget-divider{--divider-border-style:none;--divider-border-width:1px;--divider-color:#0c0d0e;--divider-icon-size:20px;--divider-element-spacing:10px;--divider-pattern-height:24px;--divider-pattern-size:20px;--divider-pattern-url:none;--divider-pattern-repeat:repeat-x}.elementor-widget-divider .elementor-divider{display:flex}.elementor-widget-divider .elementor-divider__text{font-size:15px;line-height:1;max-width:95%}.elementor-widget-divider .elementor-divider__element{margin:0 var(--divider-element-spacing);flex-shrink:0}.elementor-widget-divider .elementor-icon{font-size:var(--divider-icon-size)}.elementor-widget-divider .elementor-divider-separator{display:flex;margin:0;direction:ltr}.elementor-widget-divider--view-line_icon .elementor-divider-separator,.elementor-widget-divider--view-line_text .elementor-divider-separator{align-items:center}.elementor-widget-divider--view-line_icon .elementor-divider-separator:after,.elementor-widget-divider--view-line_icon .elementor-divider-separator:before,.elementor-widget-divider--view-line_text .elementor-divider-separator:after,.elementor-widget-divider--view-line_text .elementor-divider-separator:before{display:block;content:\"\";border-block-end:0;flex-grow:1;border-block-start:var(--divider-border-width) var(--divider-border-style) var(--divider-color)}.elementor-widget-divider--element-align-left .elementor-divider .elementor-divider-separator>.elementor-divider__svg:first-of-type{flex-grow:0;flex-shrink:100}.elementor-widget-divider--element-align-left .elementor-divider-separator:before{content:none}.elementor-widget-divider--element-align-left .elementor-divider__element{margin-left:0}.elementor-widget-divider--element-align-right .elementor-divider .elementor-divider-separator>.elementor-divider__svg:last-of-type{flex-grow:0;flex-shrink:100}.elementor-widget-divider--element-align-right .elementor-divider-separator:after{content:none}.elementor-widget-divider--element-align-right .elementor-divider__element{margin-right:0}.elementor-widget-divider--element-align-start .elementor-divider .elementor-divider-separator>.elementor-divider__svg:first-of-type{flex-grow:0;flex-shrink:100}.elementor-widget-divider--element-align-start .elementor-divider-separator:before{content:none}.elementor-widget-divider--element-align-start .elementor-divider__element{margin-inline-start:0}.elementor-widget-divider--element-align-end .elementor-divider .elementor-divider-separator>.elementor-divider__svg:last-of-type{flex-grow:0;flex-shrink:100}.elementor-widget-divider--element-align-end .elementor-divider-separator:after{content:none}.elementor-widget-divider--element-align-end .elementor-divider__element{margin-inline-end:0}.elementor-widget-divider:not(.elementor-widget-divider--view-line_text):not(.elementor-widget-divider--view-line_icon) .elementor-divider-separator{border-block-start:var(--divider-border-width) var(--divider-border-style) var(--divider-color)}.elementor-widget-divider--separator-type-pattern{--divider-border-style:none}.elementor-widget-divider--separator-type-pattern.elementor-widget-divider--view-line .elementor-divider-separator,.elementor-widget-divider--separator-type-pattern:not(.elementor-widget-divider--view-line) .elementor-divider-separator:after,.elementor-widget-divider--separator-type-pattern:not(.elementor-widget-divider--view-line) .elementor-divider-separator:before,.elementor-widget-divider--separator-type-pattern:not([class*=elementor-widget-divider--view]) .elementor-divider-separator{width:100%;min-height:var(--divider-pattern-height);-webkit-mask-size:var(--divider-pattern-size) 100%;mask-size:var(--divider-pattern-size) 100%;-webkit-mask-repeat:var(--divider-pattern-repeat);mask-repeat:var(--divider-pattern-repeat);background-color:var(--divider-color);-webkit-mask-image:var(--divider-pattern-url);mask-image:var(--divider-pattern-url)}.elementor-widget-divider--no-spacing{--divider-pattern-size:auto}.elementor-widget-divider--bg-round{--divider-pattern-repeat:round}.rtl .elementor-widget-divider .elementor-divider__text{direction:rtl}.e-con-inner>.elementor-widget-divider,.e-con>.elementor-widget-divider{width:var(--container-widget-width,100%);--flex-grow:var(--container-widget-flex-grow)}<\/style>\t\t<div class=\"elementor-divider\">\n\t\t\t<span class=\"elementor-divider-separator\">\n\t\t\t\t\t\t<\/span>\n\t\t<\/div>\n\t\t\t\t<\/div>\n\t\t\t\t<\/div>\n\t\t\t\t<div class=\"elementor-element elementor-element-62cf46b elementor-widget elementor-widget-text-editor\" data-id=\"62cf46b\" data-element_type=\"widget\" data-widget_type=\"text-editor.default\">\n\t\t\t\t<div class=\"elementor-widget-container\">\n\t\t\t\t\t\t\t<p>Order the score for &quot;Continue&quot; on Norsk Musikforlag&#039;s website.<\/p>\t\t\t\t\t\t<\/div>\n\t\t\t\t<\/div>\n\t\t\t\t<div class=\"elementor-element elementor-element-63dc6194 elementor-button-info elementor-align-left elementor-mobile-align-left elementor-widget elementor-widget-button\" data-id=\"63dc6194\" data-element_type=\"widget\" data-widget_type=\"button.default\">\n\t\t\t\t<div class=\"elementor-widget-container\">\n\t\t\t\t\t<div class=\"elementor-button-wrapper\">\n\t\t\t<a class=\"elementor-button elementor-button-link elementor-size-xs\" href=\"https:\/\/musikkforlagene.no\/product\/knut-vaage-continue\/\" target=\"_blank\">\n\t\t\t\t\t\t<span class=\"elementor-button-content-wrapper\">\n\t\t\t\t\t\t\t\t\t<span class=\"elementor-button-text\">Buy here<\/span>\n\t\t\t\t\t<\/span>\n\t\t\t\t\t<\/a>\n\t\t<\/div>\n\t\t\t\t<\/div>\n\t\t\t\t<\/div>\n\t\t\t\t\t<\/div>\n\t\t\t\t<\/div>\n\t\t\t\t<\/div>\n\t\t<div class=\"elementor-element elementor-element-2f9a6be0 e-con-full e-flex parallax_section_no qode_elementor_container_no e-con e-child\" data-id=\"2f9a6be0\" data-element_type=\"container\">\n\t\t\t\t<div class=\"elementor-element elementor-element-76bed3cd elementor-hidden-mobile elementor-widget elementor-widget-image\" data-id=\"76bed3cd\" data-element_type=\"widget\" data-widget_type=\"image.default\">\n\t\t\t\t<div class=\"elementor-widget-container\">\n\t\t\t<style>\/*! elementor - v3.21.0 - 20-05-2024 *\/\n.elementor-widget-image{text-align:center}.elementor-widget-image a{display:inline-block}.elementor-widget-image a img[src$=\".svg\"]{width:48px}.elementor-widget-image img{vertical-align:middle;display:inline-block}<\/style>\t\t\t\t\t\t\t\t\t\t<img fetchpriority=\"high\" decoding=\"async\" width=\"212\" height=\"300\" src=\"https:\/\/knutvaage.com\/wp-content\/uploads\/2023\/11\/vaage_continue-182637-212x300.jpg\" class=\"attachment-medium size-medium wp-image-5159\" alt=\"\" srcset=\"https:\/\/knutvaage.com\/wp-content\/uploads\/2023\/11\/vaage_continue-182637-212x300.jpg 212w, https:\/\/knutvaage.com\/wp-content\/uploads\/2023\/11\/vaage_continue-182637-8x12.jpg 8w, https:\/\/knutvaage.com\/wp-content\/uploads\/2023\/11\/vaage_continue-182637.jpg 566w\" sizes=\"(max-width: 212px) 100vw, 212px\" \/>\t\t\t\t\t\t\t\t\t\t\t\t\t<\/div>\n\t\t\t\t<\/div>\n\t\t\t\t<\/div>\n\t\t\t\t\t<\/div>\n\t\t\t\t<\/div>\n\t\t\t\t<\/div>","protected":false},"excerpt":{"rendered":"<p>Continue For orkester Orkestrering 3(1)-3(1)-3(1)-3(1) 4-3-3-1 timp perc:2 pf hp str Varighet 16 minutter Premiere\/ Bestilt av Premiere i Stavanger, 1994Bestilt av Stavanger Symfoniorkester Kj\u00f8p partitur Bestill partitur til &#8220;Continue&#8221; p\u00e5 Norsk Musikforlag sine nettsider. Kj\u00f8p her<\/p>","protected":false},"author":1,"featured_media":0,"parent":187,"menu_order":26,"comment_status":"closed","ping_status":"closed","template":"","meta":{"footnotes":""},"class_list":["post-5156","page","type-page","status-publish","hentry"],"_links":{"self":[{"href":"https:\/\/knutvaage.com\/en\/wp-json\/wp\/v2\/pages\/5156","targetHints":{"allow":["GET"]}}],"collection":[{"href":"https:\/\/knutvaage.com\/en\/wp-json\/wp\/v2\/pages"}],"about":[{"href":"https:\/\/knutvaage.com\/en\/wp-json\/wp\/v2\/types\/page"}],"author":[{"embeddable":true,"href":"https:\/\/knutvaage.com\/en\/wp-json\/wp\/v2\/users\/1"}],"replies":[{"embeddable":true,"href":"https:\/\/knutvaage.com\/en\/wp-json\/wp\/v2\/comments?post=5156"}],"version-history":[{"count":13,"href":"https:\/\/knutvaage.com\/en\/wp-json\/wp\/v2\/pages\/5156\/revisions"}],"predecessor-version":[{"id":6501,"href":"https:\/\/knutvaage.com\/en\/wp-json\/wp\/v2\/pages\/5156\/revisions\/6501"}],"up":[{"embeddable":true,"href":"https:\/\/knutvaage.com\/en\/wp-json\/wp\/v2\/pages\/187"}],"wp:attachment":[{"href":"https:\/\/knutvaage.com\/en\/wp-json\/wp\/v2\/media?parent=5156"}],"curies":[{"name":"wp","href":"https:\/\/api.w.org\/{rel}","templated":true}]}}