{"id":141,"date":"2020-06-07T19:39:52","date_gmt":"2020-06-07T19:39:52","guid":{"rendered":"https:\/\/bridge370.qodeinteractive.com\/?page_id=6"},"modified":"2025-08-03T08:25:45","modified_gmt":"2025-08-03T08:25:45","slug":"home","status":"publish","type":"page","link":"https:\/\/knutvaage.com\/en\/","title":{"rendered":"Home"},"content":{"rendered":"<div data-elementor-type=\"wp-page\" data-elementor-id=\"141\" class=\"elementor elementor-141\" data-elementor-post-type=\"page\">\n\t\t\t\t<div class=\"elementor-element elementor-element-d185619 e-flex e-con-boxed parallax_section_no qode_elementor_container_no e-con e-parent\" data-id=\"d185619\" data-element_type=\"container\" data-settings=\"{&quot;background_background&quot;:&quot;classic&quot;}\">\n\t\t\t\t\t<div class=\"e-con-inner\">\n\t\t<div class=\"elementor-element elementor-element-8607d75 e-con-full e-flex parallax_section_no qode_elementor_container_no e-con e-child\" data-id=\"8607d75\" data-element_type=\"container\" data-settings=\"{&quot;background_background&quot;:&quot;classic&quot;}\">\n\t\t\t\t<div class=\"elementor-element elementor-element-61874e6 elementor-widget elementor-widget-image\" data-id=\"61874e6\" data-element_type=\"widget\" data-widget_type=\"image.default\">\n\t\t\t\t<div class=\"elementor-widget-container\">\n\t\t\t<style>\/*! elementor - v3.21.0 - 20-05-2024 *\/\n.elementor-widget-image{text-align:center}.elementor-widget-image a{display:inline-block}.elementor-widget-image a img[src$=\".svg\"]{width:48px}.elementor-widget-image img{vertical-align:middle;display:inline-block}<\/style>\t\t\t\t\t\t\t\t\t\t<img fetchpriority=\"high\" decoding=\"async\" width=\"1799\" height=\"2048\" src=\"https:\/\/knutvaage.com\/wp-content\/uploads\/2023\/11\/cropped_transparent_gronn_framside-1799x2048.png\" class=\"attachment-2048x2048 size-2048x2048 wp-image-1076\" alt=\"\" srcset=\"https:\/\/knutvaage.com\/wp-content\/uploads\/2023\/11\/cropped_transparent_gronn_framside-1799x2048.png 1799w, https:\/\/knutvaage.com\/wp-content\/uploads\/2023\/11\/cropped_transparent_gronn_framside-263x300.png 263w, https:\/\/knutvaage.com\/wp-content\/uploads\/2023\/11\/cropped_transparent_gronn_framside-899x1024.png 899w, https:\/\/knutvaage.com\/wp-content\/uploads\/2023\/11\/cropped_transparent_gronn_framside-768x874.png 768w, https:\/\/knutvaage.com\/wp-content\/uploads\/2023\/11\/cropped_transparent_gronn_framside-1349x1536.png 1349w, https:\/\/knutvaage.com\/wp-content\/uploads\/2023\/11\/cropped_transparent_gronn_framside-700x797.png 700w\" sizes=\"(max-width: 1799px) 100vw, 1799px\" \/>\t\t\t\t\t\t\t\t\t\t\t\t\t<\/div>\n\t\t\t\t<\/div>\n\t\t\t\t<\/div>\n\t\t<div class=\"elementor-element elementor-element-295e0a9 e-con-full e-flex parallax_section_no qode_elementor_container_no e-con e-child\" data-id=\"295e0a9\" data-element_type=\"container\">\n\t\t<div class=\"elementor-element elementor-element-caf03d3 e-flex e-con-boxed parallax_section_no qode_elementor_container_no e-con e-child\" data-id=\"caf03d3\" data-element_type=\"container\">\n\t\t\t\t\t<div class=\"e-con-inner\">\n\t\t\t\t<div class=\"elementor-element elementor-element-bb89bef elementor-widget elementor-widget-heading\" data-id=\"bb89bef\" data-element_type=\"widget\" data-widget_type=\"heading.default\">\n\t\t\t\t<div class=\"elementor-widget-container\">\n\t\t\t<style>\/*! elementor - v3.21.0 - 20-05-2024 *\/\n.elementor-heading-title{padding:0;margin:0;line-height:1}.elementor-widget-heading .elementor-heading-title[class*=elementor-size-]>a{color:inherit;font-size:inherit;line-height:inherit}.elementor-widget-heading .elementor-heading-title.elementor-size-small{font-size:15px}.elementor-widget-heading .elementor-heading-title.elementor-size-medium{font-size:19px}.elementor-widget-heading .elementor-heading-title.elementor-size-large{font-size:29px}.elementor-widget-heading .elementor-heading-title.elementor-size-xl{font-size:39px}.elementor-widget-heading .elementor-heading-title.elementor-size-xxl{font-size:59px}<\/style><h2 class=\"elementor-heading-title elementor-size-default\">COMPOSER<\/h2>\t\t<\/div>\n\t\t\t\t<\/div>\n\t\t\t\t<div class=\"elementor-element elementor-element-4bca107 elementor-widget elementor-widget-heading\" data-id=\"4bca107\" data-element_type=\"widget\" data-widget_type=\"heading.default\">\n\t\t\t\t<div class=\"elementor-widget-container\">\n\t\t\t<h2 class=\"elementor-heading-title elementor-size-default\">KNUT VAAGE<\/h2>\t\t<\/div>\n\t\t\t\t<\/div>\n\t\t<div class=\"elementor-element elementor-element-9f6e38e e-flex e-con-boxed parallax_section_no qode_elementor_container_no e-con e-child\" data-id=\"9f6e38e\" data-element_type=\"container\">\n\t\t\t\t\t<div class=\"e-con-inner\">\n\t\t\t\t<div class=\"elementor-element elementor-element-cd88cdb elementor-widget elementor-widget-html\" data-id=\"cd88cdb\" data-element_type=\"widget\" data-widget_type=\"html.default\">\n\t\t\t\t<div class=\"elementor-widget-container\">\n\t\t\t<iframe style=\"border-radius:12px\" src=\"https:\/\/open.spotify.com\/embed\/album\/06tp1V8vAJBLp2ymuaaWpX?utm_source=generator\" width=\"100%\" height=\"380\" frameborder=\"0\" allowfullscreen=\"\" allow=\"autoplay; clipboard-write; encrypted-media; fullscreen; picture-in-picture\" loading=\"lazy\"><\/iframe>\t\t<\/div>\n\t\t\t\t<\/div>\n\t\t\t\t\t<\/div>\n\t\t\t\t<\/div>\n\t\t\t\t\t<\/div>\n\t\t\t\t<\/div>\n\t\t\t\t<div class=\"elementor-element elementor-element-b683f23 elementor-shape-circle e-grid-align-left e-grid-align-mobile-center elementor-grid-0 elementor-widget elementor-widget-social-icons\" data-id=\"b683f23\" data-element_type=\"widget\" data-widget_type=\"social-icons.default\">\n\t\t\t\t<div class=\"elementor-widget-container\">\n\t\t\t<style>\/*! elementor - v3.21.0 - 20-05-2024 *\/\n.elementor-widget-social-icons.elementor-grid-0 .elementor-widget-container,.elementor-widget-social-icons.elementor-grid-mobile-0 .elementor-widget-container,.elementor-widget-social-icons.elementor-grid-tablet-0 .elementor-widget-container{line-height:1;font-size:0}.elementor-widget-social-icons:not(.elementor-grid-0):not(.elementor-grid-tablet-0):not(.elementor-grid-mobile-0) .elementor-grid{display:inline-grid}.elementor-widget-social-icons .elementor-grid{grid-column-gap:var(--grid-column-gap,5px);grid-row-gap:var(--grid-row-gap,5px);grid-template-columns:var(--grid-template-columns);justify-content:var(--justify-content,center);justify-items:var(--justify-content,center)}.elementor-icon.elementor-social-icon{font-size:var(--icon-size,25px);line-height:var(--icon-size,25px);width:calc(var(--icon-size, 25px) + 2 * var(--icon-padding, .5em));height:calc(var(--icon-size, 25px) + 2 * var(--icon-padding, .5em))}.elementor-social-icon{--e-social-icon-icon-color:#fff;display:inline-flex;background-color:#69727d;align-items:center;justify-content:center;text-align:center;cursor:pointer}.elementor-social-icon i{color:var(--e-social-icon-icon-color)}.elementor-social-icon svg{fill:var(--e-social-icon-icon-color)}.elementor-social-icon:last-child{margin:0}.elementor-social-icon:hover{opacity:.9;color:#fff}.elementor-social-icon-android{background-color:#a4c639}.elementor-social-icon-apple{background-color:#999}.elementor-social-icon-behance{background-color:#1769ff}.elementor-social-icon-bitbucket{background-color:#205081}.elementor-social-icon-codepen{background-color:#000}.elementor-social-icon-delicious{background-color:#39f}.elementor-social-icon-deviantart{background-color:#05cc47}.elementor-social-icon-digg{background-color:#005be2}.elementor-social-icon-dribbble{background-color:#ea4c89}.elementor-social-icon-elementor{background-color:#d30c5c}.elementor-social-icon-envelope{background-color:#ea4335}.elementor-social-icon-facebook,.elementor-social-icon-facebook-f{background-color:#3b5998}.elementor-social-icon-flickr{background-color:#0063dc}.elementor-social-icon-foursquare{background-color:#2d5be3}.elementor-social-icon-free-code-camp,.elementor-social-icon-freecodecamp{background-color:#006400}.elementor-social-icon-github{background-color:#333}.elementor-social-icon-gitlab{background-color:#e24329}.elementor-social-icon-globe{background-color:#69727d}.elementor-social-icon-google-plus,.elementor-social-icon-google-plus-g{background-color:#dd4b39}.elementor-social-icon-houzz{background-color:#7ac142}.elementor-social-icon-instagram{background-color:#262626}.elementor-social-icon-jsfiddle{background-color:#487aa2}.elementor-social-icon-link{background-color:#818a91}.elementor-social-icon-linkedin,.elementor-social-icon-linkedin-in{background-color:#0077b5}.elementor-social-icon-medium{background-color:#00ab6b}.elementor-social-icon-meetup{background-color:#ec1c40}.elementor-social-icon-mixcloud{background-color:#273a4b}.elementor-social-icon-odnoklassniki{background-color:#f4731c}.elementor-social-icon-pinterest{background-color:#bd081c}.elementor-social-icon-product-hunt{background-color:#da552f}.elementor-social-icon-reddit{background-color:#ff4500}.elementor-social-icon-rss{background-color:#f26522}.elementor-social-icon-shopping-cart{background-color:#4caf50}.elementor-social-icon-skype{background-color:#00aff0}.elementor-social-icon-slideshare{background-color:#0077b5}.elementor-social-icon-snapchat{background-color:#fffc00}.elementor-social-icon-soundcloud{background-color:#f80}.elementor-social-icon-spotify{background-color:#2ebd59}.elementor-social-icon-stack-overflow{background-color:#fe7a15}.elementor-social-icon-steam{background-color:#00adee}.elementor-social-icon-stumbleupon{background-color:#eb4924}.elementor-social-icon-telegram{background-color:#2ca5e0}.elementor-social-icon-threads{background-color:#000}.elementor-social-icon-thumb-tack{background-color:#1aa1d8}.elementor-social-icon-tripadvisor{background-color:#589442}.elementor-social-icon-tumblr{background-color:#35465c}.elementor-social-icon-twitch{background-color:#6441a5}.elementor-social-icon-twitter{background-color:#1da1f2}.elementor-social-icon-viber{background-color:#665cac}.elementor-social-icon-vimeo{background-color:#1ab7ea}.elementor-social-icon-vk{background-color:#45668e}.elementor-social-icon-weibo{background-color:#dd2430}.elementor-social-icon-weixin{background-color:#31a918}.elementor-social-icon-whatsapp{background-color:#25d366}.elementor-social-icon-wordpress{background-color:#21759b}.elementor-social-icon-x-twitter{background-color:#000}.elementor-social-icon-xing{background-color:#026466}.elementor-social-icon-yelp{background-color:#af0606}.elementor-social-icon-youtube{background-color:#cd201f}.elementor-social-icon-500px{background-color:#0099e5}.elementor-shape-rounded .elementor-icon.elementor-social-icon{border-radius:10%}.elementor-shape-circle .elementor-icon.elementor-social-icon{border-radius:50%}<\/style>\t\t<div class=\"elementor-social-icons-wrapper elementor-grid\">\n\t\t\t\t\t\t\t<span class=\"elementor-grid-item\">\n\t\t\t\t\t<a class=\"elementor-icon elementor-social-icon elementor-social-icon-facebook elementor-animation-shrink elementor-repeater-item-24f9e83\" href=\"https:\/\/www.facebook.com\/knut.vaage.1\" target=\"_blank\">\n\t\t\t\t\t\t<span class=\"elementor-screen-only\">Facebook<\/span>\n\t\t\t\t\t\t<i class=\"fab fa-facebook\"><\/i>\t\t\t\t\t<\/a>\n\t\t\t\t<\/span>\n\t\t\t\t\t\t\t<span class=\"elementor-grid-item\">\n\t\t\t\t\t<a class=\"elementor-icon elementor-social-icon elementor-social-icon-youtube elementor-animation-shrink elementor-repeater-item-7965c12\" href=\"https:\/\/www.youtube.com\/@knutvaage8172\" target=\"_blank\">\n\t\t\t\t\t\t<span class=\"elementor-screen-only\">Youtube<\/span>\n\t\t\t\t\t\t<i class=\"fab fa-youtube\"><\/i>\t\t\t\t\t<\/a>\n\t\t\t\t<\/span>\n\t\t\t\t\t<\/div>\n\t\t\t\t<\/div>\n\t\t\t\t<\/div>\n\t\t\t\t<\/div>\n\t\t\t\t\t<\/div>\n\t\t\t\t<\/div>\n\t\t<div class=\"elementor-element elementor-element-61ea2df e-flex e-con-boxed parallax_section_no qode_elementor_container_no e-con e-parent\" data-id=\"61ea2df\" data-element_type=\"container\" data-settings=\"{&quot;background_background&quot;:&quot;classic&quot;}\">\n\t\t\t\t\t<div class=\"e-con-inner\">\n\t\t<div class=\"elementor-element elementor-element-07c9691 e-flex e-con-boxed parallax_section_no qode_elementor_container_no e-con e-child\" data-id=\"07c9691\" data-element_type=\"container\">\n\t\t\t\t\t<div class=\"e-con-inner\">\n\t\t\t\t<div class=\"elementor-element elementor-element-a4066d5 elementor-widget elementor-widget-heading\" data-id=\"a4066d5\" data-element_type=\"widget\" data-widget_type=\"heading.default\">\n\t\t\t\t<div class=\"elementor-widget-container\">\n\t\t\t<h2 class=\"elementor-heading-title elementor-size-default\">News<\/h2>\t\t<\/div>\n\t\t\t\t<\/div>\n\t\t\t\t\t<\/div>\n\t\t\t\t<\/div>\n\t\t\t\t<div class=\"elementor-element elementor-element-2eced1d elementor-widget elementor-widget-qi_addons_for_elementor_blog_list\" data-id=\"2eced1d\" data-element_type=\"widget\" data-widget_type=\"qi_addons_for_elementor_blog_list.default\">\n\t\t\t\t<div class=\"elementor-widget-container\">\n\t\t\t<div class=\"qodef-shortcode qodef-m  qodef-addons-blog-list qodef-info-no-icons  qodef-image--hover-zoom   qodef-qi-grid qodef-layout--qi-columns  qodef-col-num--3  qodef-item-layout--boxed qodef-responsive--predefined\" >\n\t<div class=\"qodef-grid-inner\">\n\t\t<article class=\"qodef-e qodef-blog-item qodef-grid-item qodef-item--full post-8255 post type-post status-publish format-standard has-post-thumbnail hentry category-uncategorized\">\n\t<div class=\"qodef-e-inner\">\n\t\t<div class=\"qodef-e-media-holder\">\n\t\t\t<div class=\"qodef-e-media\">\n\t\t<div class=\"qodef-e-media-image\">\n\t\t<a itemprop=\"url\" href=\"https:\/\/knutvaage.com\/en\/god-omtale-av-nokon-kjem-til-a-komme-pa-ballade-no\/\">\n\t\t\t<img decoding=\"async\" width=\"807\" height=\"500\" src=\"https:\/\/knutvaage.com\/wp-content\/uploads\/2026\/03\/logo-some-ballade.png\" class=\"attachment-full size-full\" alt=\"\" srcset=\"https:\/\/knutvaage.com\/wp-content\/uploads\/2026\/03\/logo-some-ballade.png 807w, https:\/\/knutvaage.com\/wp-content\/uploads\/2026\/03\/logo-some-ballade-300x186.png 300w, https:\/\/knutvaage.com\/wp-content\/uploads\/2026\/03\/logo-some-ballade-768x476.png 768w, https:\/\/knutvaage.com\/wp-content\/uploads\/2026\/03\/logo-some-ballade-18x12.png 18w, https:\/\/knutvaage.com\/wp-content\/uploads\/2026\/03\/logo-some-ballade-700x434.png 700w\" sizes=\"(max-width: 807px) 100vw, 807px\" \/>\t\t<\/a>\n\t\t\t<\/div>\n<\/div>\n<div itemprop=\"dateCreated\" class=\"qodef-e-info-item qodef-e-info-date entry-date\">\n\t<a itemprop=\"url\" href=\"https:\/\/knutvaage.com\/en\/2026\/03\/\">\n\t\t4 Mar\t<\/a>\n<\/div>\n\t\t<\/div>\n\t\t<div class=\"qodef-e-content\">\n\t\t\t\t\t\t\t<div class=\"qodef-e-info qodef-info--top\">\n\t\t\t\t\t\t\t\t\t<\/div>\n\t\t\t\t\t\t<div class=\"qodef-e-text\">\n\t\t\t\t<h5 itemprop=\"name\" class=\"qodef-e-title entry-title\">\n\t<a itemprop=\"url\" class=\"qodef-e-title-link\" href=\"https:\/\/knutvaage.com\/en\/god-omtale-av-nokon-kjem-til-a-komme-pa-ballade-no\/\">\n\t\tGOOD REVIEW OF \u201cNOKON KJEM TIL \u00c5 KOMME\u201d ON BALLADE.NO\t<\/a>\n<\/h5>\n\t\t<p itemprop=\"description\" class=\"qodef-e-excerpt\">\n\t\t\tKritikaren Ola Nordal var p\u00e5 forestillinga p\u00e5 Parkteateret i Oslo 24. februar. Han skriv om to for\t\t<\/p>\n\t\t\t\t<\/div>\n\t\t\t\t\t\t\t<div class=\"qodef-e-info qodef-info--bottom\">\n\t\t\t\t\t\t<div class=\"qodef-e-read-more\">\n\t\t<a class=\"qodef-shortcode qodef-m  qodef-qi-button qodef-html--link qodef-layout--filled qodef-type--standard qodef-size--small  qodef-icon--right qodef-hover--icon-move-horizontal-short\" href=\"https:\/\/knutvaage.com\/en\/god-omtale-av-nokon-kjem-til-a-komme-pa-ballade-no\/\" target=\"_self\">\t<span class=\"qodef-m-text\">Read more<\/span>\t<\/a>\t<\/div>\n\t\t\t\t<\/div>\n\t\t\t\t\t<\/div>\n\t<\/div>\n<\/article>\n<article class=\"qodef-e qodef-blog-item qodef-grid-item qodef-item--full post-8246 post type-post status-publish format-standard has-post-thumbnail hentry category-uncategorized\">\n\t<div class=\"qodef-e-inner\">\n\t\t<div class=\"qodef-e-media-holder\">\n\t\t\t<div class=\"qodef-e-media\">\n\t\t<div class=\"qodef-e-media-image\">\n\t\t<a itemprop=\"url\" href=\"https:\/\/knutvaage.com\/en\/artikkel-om-nokon-kjem-til-a-komme-i-klassekampen\/\">\n\t\t\t<img decoding=\"async\" width=\"1200\" height=\"630\" src=\"https:\/\/knutvaage.com\/wp-content\/uploads\/2025\/01\/default-2023.jpg\" class=\"attachment-full size-full\" alt=\"\" srcset=\"https:\/\/knutvaage.com\/wp-content\/uploads\/2025\/01\/default-2023.jpg 1200w, https:\/\/knutvaage.com\/wp-content\/uploads\/2025\/01\/default-2023-300x158.jpg 300w, https:\/\/knutvaage.com\/wp-content\/uploads\/2025\/01\/default-2023-1024x538.jpg 1024w, https:\/\/knutvaage.com\/wp-content\/uploads\/2025\/01\/default-2023-768x403.jpg 768w, https:\/\/knutvaage.com\/wp-content\/uploads\/2025\/01\/default-2023-18x9.jpg 18w, https:\/\/knutvaage.com\/wp-content\/uploads\/2025\/01\/default-2023-700x368.jpg 700w\" sizes=\"(max-width: 1200px) 100vw, 1200px\" \/>\t\t<\/a>\n\t\t\t<\/div>\n<\/div>\n<div itemprop=\"dateCreated\" class=\"qodef-e-info-item qodef-e-info-date entry-date\">\n\t<a itemprop=\"url\" href=\"https:\/\/knutvaage.com\/en\/2026\/02\/\">\n\t\t20 Feb\t<\/a>\n<\/div>\n\t\t<\/div>\n\t\t<div class=\"qodef-e-content\">\n\t\t\t\t\t\t\t<div class=\"qodef-e-info qodef-info--top\">\n\t\t\t\t\t\t\t\t\t<\/div>\n\t\t\t\t\t\t<div class=\"qodef-e-text\">\n\t\t\t\t<h5 itemprop=\"name\" class=\"qodef-e-title entry-title\">\n\t<a itemprop=\"url\" class=\"qodef-e-title-link\" href=\"https:\/\/knutvaage.com\/en\/artikkel-om-nokon-kjem-til-a-komme-i-klassekampen\/\">\n\t\tAn article about \u201cNokon kjem til \u00e5 komme\u201d will be published in Klassekampen.\t<\/a>\n<\/h5>\n\t\t<p itemprop=\"description\" class=\"qodef-e-excerpt\">\n\t\t\tMusic critic Magnus Andersson gives the opera a very positive review.\u00a0\t\t<\/p>\n\t\t\t\t<\/div>\n\t\t\t\t\t\t\t<div class=\"qodef-e-info qodef-info--bottom\">\n\t\t\t\t\t\t<div class=\"qodef-e-read-more\">\n\t\t<a class=\"qodef-shortcode qodef-m  qodef-qi-button qodef-html--link qodef-layout--filled qodef-type--standard qodef-size--small  qodef-icon--right qodef-hover--icon-move-horizontal-short\" href=\"https:\/\/knutvaage.com\/en\/artikkel-om-nokon-kjem-til-a-komme-i-klassekampen\/\" target=\"_self\">\t<span class=\"qodef-m-text\">Read more<\/span>\t<\/a>\t<\/div>\n\t\t\t\t<\/div>\n\t\t\t\t\t<\/div>\n\t<\/div>\n<\/article>\n<article class=\"qodef-e qodef-blog-item qodef-grid-item qodef-item--full post-8129 post type-post status-publish format-standard has-post-thumbnail hentry category-uncategorized\">\n\t<div class=\"qodef-e-inner\">\n\t\t<div class=\"qodef-e-media-holder\">\n\t\t\t<div class=\"qodef-e-media\">\n\t\t<div class=\"qodef-e-media-image\">\n\t\t<a itemprop=\"url\" href=\"https:\/\/knutvaage.com\/en\/nasjonal-og-internasjonal-turne-for-operaen-nokon-kjem-til-a-kome\/\">\n\t\t\t<img loading=\"lazy\" decoding=\"async\" width=\"1170\" height=\"720\" src=\"https:\/\/knutvaage.com\/wp-content\/uploads\/2026\/01\/nogen-vil-komme-desktop.jpg\" class=\"attachment-full size-full\" alt=\"\" srcset=\"https:\/\/knutvaage.com\/wp-content\/uploads\/2026\/01\/nogen-vil-komme-desktop.jpg 1170w, https:\/\/knutvaage.com\/wp-content\/uploads\/2026\/01\/nogen-vil-komme-desktop-300x185.jpg 300w, https:\/\/knutvaage.com\/wp-content\/uploads\/2026\/01\/nogen-vil-komme-desktop-1024x630.jpg 1024w, https:\/\/knutvaage.com\/wp-content\/uploads\/2026\/01\/nogen-vil-komme-desktop-768x473.jpg 768w, https:\/\/knutvaage.com\/wp-content\/uploads\/2026\/01\/nogen-vil-komme-desktop-18x12.jpg 18w, https:\/\/knutvaage.com\/wp-content\/uploads\/2026\/01\/nogen-vil-komme-desktop-700x431.jpg 700w\" sizes=\"(max-width: 1170px) 100vw, 1170px\" \/>\t\t<\/a>\n\t\t\t<\/div>\n<\/div>\n<div itemprop=\"dateCreated\" class=\"qodef-e-info-item qodef-e-info-date entry-date\">\n\t<a itemprop=\"url\" href=\"https:\/\/knutvaage.com\/en\/2026\/01\/\">\n\t\t10 Jan\t<\/a>\n<\/div>\n\t\t<\/div>\n\t\t<div class=\"qodef-e-content\">\n\t\t\t\t\t\t\t<div class=\"qodef-e-info qodef-info--top\">\n\t\t\t\t\t\t\t\t\t<\/div>\n\t\t\t\t\t\t<div class=\"qodef-e-text\">\n\t\t\t\t<h5 itemprop=\"name\" class=\"qodef-e-title entry-title\">\n\t<a itemprop=\"url\" class=\"qodef-e-title-link\" href=\"https:\/\/knutvaage.com\/en\/nasjonal-og-internasjonal-turne-for-operaen-nokon-kjem-til-a-kome\/\">\n\t\tOPERA \"SOMEONE IS GOING TO COME\" (NOKON KJEM TIL \u00c5 KOME) COMES TO OSLO, COPENHAGEN, AND VIENNA.\t<\/a>\n<\/h5>\n\t\t<p itemprop=\"description\" class=\"qodef-e-excerpt\">\n\t\t\tInsimul-ensemblet fra Stavanger framf\u00f8rer operaen \u201cNokon kjem til \u00e5 komme\u201d basert&nbsp;p\u00e5 Jon\t\t<\/p>\n\t\t\t\t<\/div>\n\t\t\t\t\t\t\t<div class=\"qodef-e-info qodef-info--bottom\">\n\t\t\t\t\t\t<div class=\"qodef-e-read-more\">\n\t\t<a class=\"qodef-shortcode qodef-m  qodef-qi-button qodef-html--link qodef-layout--filled qodef-type--standard qodef-size--small  qodef-icon--right qodef-hover--icon-move-horizontal-short\" href=\"https:\/\/knutvaage.com\/en\/nasjonal-og-internasjonal-turne-for-operaen-nokon-kjem-til-a-kome\/\" target=\"_self\">\t<span class=\"qodef-m-text\">Read more<\/span>\t<\/a>\t<\/div>\n\t\t\t\t<\/div>\n\t\t\t\t\t<\/div>\n\t<\/div>\n<\/article>\n\t<\/div>\n\t\t<div class=\"qodef-addons-m-pagination qodef--standard\">\n\t\t<nav class=\"navigation pagination\" role=\"navigation\" aria-label=\"Posts\">\n\t\t\t<h2 class=\"screen-reader-text\">Posts navigation<\/h2>\n\t\t\t<div class=\"nav-links\">\n\t\t\t\t<span aria-current=\"page\" class=\"page-numbers current\">1<\/span>\n<a class=\"page-numbers\" href=\"https:\/\/knutvaage.com\/en\/wp-json\/wp\/v2\/pages\/141\/page\/2\/\">2<\/a>\n<a class=\"page-numbers\" href=\"https:\/\/knutvaage.com\/en\/wp-json\/wp\/v2\/pages\/141\/page\/3\/\">3<\/a>\n<span class=\"page-numbers dots\">&hellip;<\/span>\n<a class=\"page-numbers\" href=\"https:\/\/knutvaage.com\/en\/wp-json\/wp\/v2\/pages\/141\/page\/13\/\">13<\/a>\n<a class=\"next page-numbers\" href=\"https:\/\/knutvaage.com\/en\/wp-json\/wp\/v2\/pages\/141\/page\/2\/\"><svg class=\"qodef-m-pagination-icon\" xmlns=\"http:\/\/www.w3.org\/2000\/svg\" xmlns:xlink=\"http:\/\/www.w3.org\/1999\/xlink\" x=\"0px\" y=\"0px\" viewbox=\"0 0 34.2 32.3\" xml:space=\"preserve\" style=\"stroke-width: 2;\"><line x1=\"0\" y1=\"16\" x2=\"33\" y2=\"16\"\/><line x1=\"17.3\" y1=\"0.7\" x2=\"33.2\" y2=\"16.5\"\/><line x1=\"17.3\" y1=\"31.6\" x2=\"33.5\" y2=\"15.4\"\/><\/svg><\/a>\t\t\t<\/div>\n\t\t<\/nav>\n\t<\/div>\n<\/div>\n\t\t<\/div>\n\t\t\t\t<\/div>\n\t\t\t\t<div class=\"elementor-element elementor-element-aacbb00 elementor-align-center elementor-widget-mobile__width-inherit elementor-tablet-align-center elementor-widget elementor-widget-button\" data-id=\"aacbb00\" data-element_type=\"widget\" data-widget_type=\"button.default\">\n\t\t\t\t<div class=\"elementor-widget-container\">\n\t\t\t\t\t<div class=\"elementor-button-wrapper\">\n\t\t\t<a class=\"elementor-button elementor-button-link elementor-size-sm\" href=\"\/en\/aktuelt\/\" target=\"_blank\">\n\t\t\t\t\t\t<span class=\"elementor-button-content-wrapper\">\n\t\t\t\t\t\t\t\t\t<span class=\"elementor-button-text\">Read more<\/span>\n\t\t\t\t\t<\/span>\n\t\t\t\t\t<\/a>\n\t\t<\/div>\n\t\t\t\t<\/div>\n\t\t\t\t<\/div>\n\t\t\t\t\t<\/div>\n\t\t\t\t<\/div>\n\t\t\t\t<\/div>","protected":false},"excerpt":{"rendered":"<p>KOMPONIST KNUT VAAGE Facebook Youtube Aktuelt 31 jul OM MUSIKKEN SOM BLIR FRAMF\u00d8RT P\u00c5 ROSENDAL KAMMERMUSIKKFESTIVAL. Onsdag \u2013 6. august &nbsp;19.30-21.30&nbsp;1. \u00c5pningskonsert Rosendal Kammermusikkfestival&nbsp; &amp; Les mer 24 jul KONSERTAR P\u00c5 SLOTTET P\u00c5 GAMLEHAUGEN Knut Christian Jansson og eg har samarbeid lenge og det har&#8230;<\/p>","protected":false},"author":1,"featured_media":0,"parent":0,"menu_order":0,"comment_status":"closed","ping_status":"closed","template":"full_width.php","meta":{"footnotes":""},"class_list":["post-141","page","type-page","status-publish","hentry"],"_links":{"self":[{"href":"https:\/\/knutvaage.com\/en\/wp-json\/wp\/v2\/pages\/141","targetHints":{"allow":["GET"]}}],"collection":[{"href":"https:\/\/knutvaage.com\/en\/wp-json\/wp\/v2\/pages"}],"about":[{"href":"https:\/\/knutvaage.com\/en\/wp-json\/wp\/v2\/types\/page"}],"author":[{"embeddable":true,"href":"https:\/\/knutvaage.com\/en\/wp-json\/wp\/v2\/users\/1"}],"replies":[{"embeddable":true,"href":"https:\/\/knutvaage.com\/en\/wp-json\/wp\/v2\/comments?post=141"}],"version-history":[{"count":316,"href":"https:\/\/knutvaage.com\/en\/wp-json\/wp\/v2\/pages\/141\/revisions"}],"predecessor-version":[{"id":8050,"href":"https:\/\/knutvaage.com\/en\/wp-json\/wp\/v2\/pages\/141\/revisions\/8050"}],"wp:attachment":[{"href":"https:\/\/knutvaage.com\/en\/wp-json\/wp\/v2\/media?parent=141"}],"curies":[{"name":"wp","href":"https:\/\/api.w.org\/{rel}","templated":true}]}}